{"id":19061,"date":"2023-03-30T12:04:34","date_gmt":"2023-03-30T12:04:34","guid":{"rendered":"https:\/\/ajans2.dijitalpiksel.com\/?page_id=19061"},"modified":"2025-09-19T10:09:45","modified_gmt":"2025-09-19T10:09:45","slug":"paketler","status":"publish","type":"page","link":"https:\/\/ajans2.dijitalpiksel.com\/index.php\/paketler\/","title":{"rendered":"Paketler"},"content":{"rendered":"\t\t<div data-elementor-type=\"wp-page\" data-elementor-id=\"19061\" class=\"elementor elementor-19061\">\n\t\t\t\t\t\t<section class=\"elementor-section elementor-top-section elementor-element elementor-element-9b93f2d elementor-section-boxed elementor-section-height-default elementor-section-height-default sc_fly_static\" data-id=\"9b93f2d\" data-element_type=\"section\">\n\t\t\t\t\t\t<div class=\"elementor-container elementor-column-gap-extended\">\n\t\t\t\t\t<div class=\"elementor-column elementor-col-100 elementor-top-column elementor-element elementor-element-43f9389 sc_content_align_inherit sc_layouts_column_icons_position_left sc_fly_static\" data-id=\"43f9389\" data-element_type=\"column\">\n\t\t\t<div class=\"elementor-widget-wrap elementor-element-populated\">\n\t\t\t\t\t\t<div class=\"elementor-element elementor-element-7abb954 sc_height_huge sc_fly_static elementor-widget elementor-widget-spacer\" data-id=\"7abb954\" data-element_type=\"widget\" data-widget_type=\"spacer.default\">\n\t\t\t\t<div class=\"elementor-widget-container\">\n\t\t\t\t\t\t\t<div class=\"elementor-spacer\">\n\t\t\t<div class=\"elementor-spacer-inner\"><\/div>\n\t\t<\/div>\n\t\t\t\t\t\t<\/div>\n\t\t\t\t<\/div>\n\t\t\t\t\t<\/div>\n\t\t<\/div>\n\t\t\t\t\t<\/div>\n\t\t<\/section>\n\t\t\t\t<section class=\"elementor-section elementor-top-section elementor-element elementor-element-70fa5ec5 elementor-section-content-middle elementor-reverse-tablet elementor-reverse-mobile scheme_light elementor-section-boxed elementor-section-height-default elementor-section-height-default sc_fly_static\" data-id=\"70fa5ec5\" data-element_type=\"section\" data-settings=\"{&quot;background_background&quot;:&quot;classic&quot;}\">\n\t\t\t\t\t\t<div class=\"elementor-container elementor-column-gap-extended\">\n\t\t\t\t\t<div class=\"elementor-column elementor-col-25 elementor-top-column elementor-element elementor-element-1d4beeb8 sc_content_align_inherit sc_layouts_column_icons_position_left sc_fly_static\" data-id=\"1d4beeb8\" data-element_type=\"column\">\n\t\t\t<div class=\"elementor-widget-wrap elementor-element-populated\">\n\t\t\t\t\t\t<div class=\"elementor-element elementor-element-321aae1b sc_fly_static elementor-widget elementor-widget-trx_sc_price\" data-id=\"321aae1b\" data-element_type=\"widget\" data-widget_type=\"trx_sc_price.default\">\n\t\t\t\t<div class=\"elementor-widget-container\">\n\t\t\t\t\t<div  \n\tclass=\"sc_price color_style_link2 sc_price_default\"><div class=\"sc_price_content sc_item_content\"><div class=\"sc_price_item sc_price_active sc_price_item_default\">\n\t\t\t<div class=\"sc_price_item_icon sc_price_item_icon_type_ icon-new-holars-1\"\n\t\t\t\t\t\t\t\t\t\t\t\t><span class=\"sc_icon_type_ icon-new-holars-1\"\n\t\t\t\t\t\t\t\t\t\t\t\t\t\t\t><\/span><\/div><div class=\"sc_price_item_info\"><h3 class=\"sc_price_item_title\"><span>Ba\u015flang\u0131\u00e7 Paketi<\/span><\/h3><h6 class=\"sc_price_item_subtitle\"><span>Basit Projeler \u0130\u00e7in<\/span><\/h6><div class=\"sc_price_item_price\"><span class=\"sc_price_item_price_before\">\u20ba<\/span><span class=\"sc_price_item_price_value\">59<\/span><span class=\"sc_price_item_price_after\">\/ay<\/span><\/div><div class=\"sc_price_item_details\"><ul><li>\u00d6zellik1<\/li><li>\u00d6zellik2<\/li><li>\u00d6zellik3<\/li><\/ul><\/div><a href=\"https:\/\/ajans2.dijitalpiksel.com\/?page_id=19065\" class=\"sc_price_item_link sc_button\">\u015eimdi Al<\/a><\/div><!-- \/.sc_price_item_info --><\/div><\/div><\/div><!-- \/.sc_price -->\t\t\t\t<\/div>\n\t\t\t\t<\/div>\n\t\t\t\t\t<\/div>\n\t\t<\/div>\n\t\t\t\t<div class=\"elementor-column elementor-col-25 elementor-top-column elementor-element elementor-element-2c8c4edd sc_content_align_inherit sc_layouts_column_icons_position_left sc_fly_static\" data-id=\"2c8c4edd\" data-element_type=\"column\">\n\t\t\t<div class=\"elementor-widget-wrap elementor-element-populated\">\n\t\t\t\t\t\t<div class=\"elementor-element elementor-element-19a2b11 sc_fly_static elementor-widget elementor-widget-trx_sc_price\" data-id=\"19a2b11\" data-element_type=\"widget\" data-widget_type=\"trx_sc_price.default\">\n\t\t\t\t<div class=\"elementor-widget-container\">\n\t\t\t\t\t<div  \n\tclass=\"sc_price sc_price_default\"><div class=\"sc_price_content sc_item_content\"><div class=\"sc_price_item sc_price_active sc_price_item_default\">\n\t\t\t<div class=\"sc_price_item_icon sc_price_item_icon_type_ icon-new-holars-1\"\n\t\t\t\t\t\t\t\t\t\t\t\t><span class=\"sc_icon_type_ icon-new-holars-1\"\n\t\t\t\t\t\t\t\t\t\t\t\t\t\t\t><\/span><\/div><div class=\"sc_price_item_info\"><h3 class=\"sc_price_item_title\"><span>Profesyonel Paket<\/span><\/h3><h6 class=\"sc_price_item_subtitle\"><span>Geli\u015fmi\u015f Projeler \u0130\u00e7in<\/span><\/h6><div class=\"sc_price_item_price\"><span class=\"sc_price_item_price_before\">\u20ba<\/span><span class=\"sc_price_item_price_value\">99<\/span><span class=\"sc_price_item_price_after\">\/ay<\/span><\/div><div class=\"sc_price_item_details\"><ul><li>\u00d6zellik1<\/li><li>\u00d6zellik2<\/li><li>\u00d6zellik3<\/li><\/ul><\/div><a href=\"https:\/\/ajans2.dijitalpiksel.com\/?page_id=19065\" class=\"sc_price_item_link sc_button\">\u015eimdi Al<\/a><\/div><!-- \/.sc_price_item_info --><\/div><\/div><\/div><!-- \/.sc_price -->\t\t\t\t<\/div>\n\t\t\t\t<\/div>\n\t\t\t\t\t<\/div>\n\t\t<\/div>\n\t\t\t\t<div class=\"elementor-column elementor-col-50 elementor-top-column elementor-element elementor-element-29276786 sc_content_align_inherit sc_layouts_column_icons_position_left sc_fly_static\" data-id=\"29276786\" data-element_type=\"column\">\n\t\t\t<div class=\"elementor-widget-wrap elementor-element-populated\">\n\t\t\t\t\t\t<div class=\"elementor-element elementor-element-461572a0 sc_layouts_hide_on_mobile sc_layouts_hide_on_tablet sc_height_huge sc_fly_static elementor-widget elementor-widget-spacer\" data-id=\"461572a0\" data-element_type=\"widget\" data-widget_type=\"spacer.default\">\n\t\t\t\t<div class=\"elementor-widget-container\">\n\t\t\t\t\t\t\t<div class=\"elementor-spacer\">\n\t\t\t<div class=\"elementor-spacer-inner\"><\/div>\n\t\t<\/div>\n\t\t\t\t\t\t<\/div>\n\t\t\t\t<\/div>\n\t\t\t\t<div class=\"elementor-element elementor-element-12366c88 sc_fly_static elementor-widget elementor-widget-trx_sc_title\" data-id=\"12366c88\" data-element_type=\"widget\" data-widget_type=\"trx_sc_title.default\">\n\t\t\t\t<div class=\"elementor-widget-container\">\n\t\t\t\t\t<div\t\tclass=\"sc_title sc_title_default\" ><span class=\"sc_item_subtitle sc_title_subtitle sc_item_subtitle_above sc_item_title_style_default\">Plan\u0131n\u0131z\u0131 Se\u00e7in<\/span><h1 class=\"sc_item_title sc_title_title sc_item_title_style_default sc_item_title_tag\"\n\t\t\t><span class=\"sc_item_title_text\">En Uygun Fiyatlar!<\/span><\/h1><\/div>\t\t\t\t<\/div>\n\t\t\t\t<\/div>\n\t\t\t\t<div class=\"elementor-element elementor-element-6c72908e sc_fly_static elementor-widget elementor-widget-spacer\" data-id=\"6c72908e\" data-element_type=\"widget\" data-widget_type=\"spacer.default\">\n\t\t\t\t<div class=\"elementor-widget-container\">\n\t\t\t\t\t\t\t<div class=\"elementor-spacer\">\n\t\t\t<div class=\"elementor-spacer-inner\"><\/div>\n\t\t<\/div>\n\t\t\t\t\t\t<\/div>\n\t\t\t\t<\/div>\n\t\t\t\t<div class=\"elementor-element elementor-element-20e4fa7 sc_fly_static elementor-widget elementor-widget-text-editor\" data-id=\"20e4fa7\" data-element_type=\"widget\" data-widget_type=\"text-editor.default\">\n\t\t\t\t<div class=\"elementor-widget-container\">\n\t\t\t\t\t\t\t\t\t<ul class=\"trx_addons_list_success\"><li>Uygun Fiyat<\/li><li>Kaliteli Destek<\/li><li>Y\u00fcksek Hizmet<\/li><\/ul>\t\t\t\t\t\t\t\t<\/div>\n\t\t\t\t<\/div>\n\t\t\t\t<div class=\"elementor-element elementor-element-a859752 sc_layouts_hide_on_mobile sc_layouts_hide_on_tablet sc_fly_static elementor-widget elementor-widget-spacer\" data-id=\"a859752\" data-element_type=\"widget\" data-widget_type=\"spacer.default\">\n\t\t\t\t<div class=\"elementor-widget-container\">\n\t\t\t\t\t\t\t<div class=\"elementor-spacer\">\n\t\t\t<div class=\"elementor-spacer-inner\"><\/div>\n\t\t<\/div>\n\t\t\t\t\t\t<\/div>\n\t\t\t\t<\/div>\n\t\t\t\t\t<\/div>\n\t\t<\/div>\n\t\t\t\t\t<\/div>\n\t\t<\/section>\n\t\t\t\t<section class=\"elementor-section elementor-top-section elementor-element elementor-element-5a49c0c elementor-section-boxed elementor-section-height-default elementor-section-height-default sc_fly_static\" data-id=\"5a49c0c\" data-element_type=\"section\">\n\t\t\t\t\t\t<div class=\"elementor-container elementor-column-gap-extended\">\n\t\t\t\t\t<div class=\"elementor-column elementor-col-100 elementor-top-column elementor-element elementor-element-6e13710 sc_content_align_inherit sc_layouts_column_icons_position_left sc_fly_static\" data-id=\"6e13710\" data-element_type=\"column\">\n\t\t\t<div class=\"elementor-widget-wrap elementor-element-populated\">\n\t\t\t\t\t\t<div class=\"elementor-element elementor-element-c674ddf sc_fly_static elementor-widget elementor-widget-spacer\" data-id=\"c674ddf\" data-element_type=\"widget\" data-widget_type=\"spacer.default\">\n\t\t\t\t<div class=\"elementor-widget-container\">\n\t\t\t\t\t\t\t<div class=\"elementor-spacer\">\n\t\t\t<div class=\"elementor-spacer-inner\"><\/div>\n\t\t<\/div>\n\t\t\t\t\t\t<\/div>\n\t\t\t\t<\/div>\n\t\t\t\t<div class=\"elementor-element elementor-element-f0839e7 sc_fly_static elementor-widget elementor-widget-html\" data-id=\"f0839e7\" data-element_type=\"widget\" data-widget_type=\"html.default\">\n\t\t\t\t<div class=\"elementor-widget-container\">\n\t\t\t\t\t<div style=\"display:flex;align-items:center;justify-content:center;gap:15px;flex-wrap:wrap;\">\r\n  <div style=\"border:2px solid #ddd;padding:15px 25px;border-radius:10px;font-size:18px;font-weight:500;background:#fff;text-align:center;\">\r\n    <span style=\"font-weight:bold;color:#e67e22;margin-right:5px;\">01.<\/span> Paket Se\u00e7\r\n  <\/div>\r\n  <div style=\"font-size:22px;color:#666;\">\u2192<\/div>\r\n  <div style=\"border:2px solid #ddd;padding:15px 25px;border-radius:10px;font-size:18px;font-weight:500;background:#fff;text-align:center;\">\r\n    <span style=\"font-weight:bold;color:#e67e22;margin-right:5px;\">02.<\/span> Teklif Formunu Doldur\r\n  <\/div>\r\n  <div style=\"font-size:22px;color:#666;\">\u2192<\/div>\r\n  <div style=\"border:2px solid #ddd;padding:15px 25px;border-radius:10px;font-size:18px;font-weight:500;background:#fff;text-align:center;\">\r\n    <span style=\"font-weight:bold;color:#e67e22;margin-right:5px;\">03.<\/span> Web Siten Yay\u0131nda!\r\n  <\/div>\r\n<\/div>\r\n\t\t\t\t<\/div>\n\t\t\t\t<\/div>\n\t\t\t\t\t<\/div>\n\t\t<\/div>\n\t\t\t\t\t<\/div>\n\t\t<\/section>\n\t\t\t\t<\/div>\n\t\t","protected":false},"excerpt":{"rendered":"<p>Ba\u015flang\u0131\u00e7 Paketi Basit Projeler \u0130\u00e7in \u20ba59\/ay \u00d6zellik1 \u00d6zellik2 \u00d6zellik3 \u015eimdi Al Profesyonel Paket Geli\u015fmi\u015f Projeler \u0130\u00e7in \u20ba99\/ay \u00d6zellik1 \u00d6zellik2 \u00d6zellik3 \u015eimdi Al Plan\u0131n\u0131z\u0131 Se\u00e7in En Uygun Fiyatlar! Uygun Fiyat Kaliteli&hellip;<\/p>\n","protected":false},"author":1,"featured_media":0,"parent":0,"menu_order":0,"comment_status":"closed","ping_status":"closed","template":"","meta":{"footnotes":""},"class_list":["post-19061","page","type-page","status-publish","hentry"],"_links":{"self":[{"href":"https:\/\/ajans2.dijitalpiksel.com\/index.php\/wp-json\/wp\/v2\/pages\/19061","targetHints":{"allow":["GET"]}}],"collection":[{"href":"https:\/\/ajans2.dijitalpiksel.com\/index.php\/wp-json\/wp\/v2\/pages"}],"about":[{"href":"https:\/\/ajans2.dijitalpiksel.com\/index.php\/wp-json\/wp\/v2\/types\/page"}],"author":[{"embeddable":true,"href":"https:\/\/ajans2.dijitalpiksel.com\/index.php\/wp-json\/wp\/v2\/users\/1"}],"replies":[{"embeddable":true,"href":"https:\/\/ajans2.dijitalpiksel.com\/index.php\/wp-json\/wp\/v2\/comments?post=19061"}],"version-history":[{"count":7,"href":"https:\/\/ajans2.dijitalpiksel.com\/index.php\/wp-json\/wp\/v2\/pages\/19061\/revisions"}],"predecessor-version":[{"id":34495,"href":"https:\/\/ajans2.dijitalpiksel.com\/index.php\/wp-json\/wp\/v2\/pages\/19061\/revisions\/34495"}],"wp:attachment":[{"href":"https:\/\/ajans2.dijitalpiksel.com\/index.php\/wp-json\/wp\/v2\/media?parent=19061"}],"curies":[{"name":"wp","href":"https:\/\/api.w.org\/{rel}","templated":true}]}}